{"id":3621,"date":"2026-05-02T07:05:24","date_gmt":"2026-05-02T07:05:24","guid":{"rendered":"https:\/\/glspakets.de\/?page_id=3621"},"modified":"2026-05-02T07:41:33","modified_gmt":"2026-05-02T07:41:33","slug":"paket-verfolgen","status":"publish","type":"page","link":"https:\/\/glspakets.de\/de\/paket-verfolgen\/","title":{"rendered":"Paket verfolgen"},"content":{"rendered":"\t\t<div data-elementor-type=\"wp-page\" data-elementor-id=\"3621\" class=\"elementor elementor-3621\">\n\t\t\t\t<div class=\"elementor-element elementor-element-4f4f355 e-flex e-con-boxed e-con e-parent\" data-id=\"4f4f355\" data-element_type=\"container\" data-e-type=\"container\" data-settings=\"{&quot;background_background&quot;:&quot;classic&quot;}\">\n\t\t\t\t\t<div class=\"e-con-inner\">\n\t\t\t\t\t<\/div>\n\t\t\t\t<\/div>\n\t\t<div class=\"elementor-element elementor-element-1d7e247 e-flex e-con-boxed e-con e-parent\" data-id=\"1d7e247\" data-element_type=\"container\" data-e-type=\"container\">\n\t\t\t\t\t<div class=\"e-con-inner\">\n\t\t\t\t<div class=\"elementor-element elementor-element-c2bd763 elementor-widget elementor-widget-shortcode\" data-id=\"c2bd763\" data-element_type=\"widget\" data-e-type=\"widget\" data-widget_type=\"shortcode.default\">\n\t\t\t\t\t\t\t<div class=\"elementor-shortcode\"><style type=\"text\/css\">\n\t@media\n\t\tonly screen \n\t\tand (max-width: 760px), (min-device-width: 768px) \n\t\tand (max-device-width: 1024px)  {\n\t\t\t\/* Force table to not be like tables anymore *\/\n\t\t\ttable#wpcargo-track-table tr td input[type=\"text\"], \n\t\t\ttable#wpcargo-track-table tr td input[type=\"submit\"],\n\t\t\ttable#wpcargo-track-table tr td select, \n\t\t\ttable#wpcargo-track-table tr td textarea,\n\t\t\tform table#wpcargo-track-table{\n\t\t\t\twidth:100% !important;\n\t\t\t\tmin-width: 100%;\n\t\t\t}\n\t\t\ttable#wpcargo-track-table, \n\t\t\t#wpcargo-track-table thead, \n\t\t\t#wpcargo-track-table tbody, \n\t\t\t#wpcargo-track-table th, \n\t\t\t#wpcargo-track-table td,\n\t\t\t#wpcargo-track-table tr {\n\t\t\t\tdisplay: block;\n\t\t\t}\n\t\t\t\/* Hide table headers (but not display: none;, for accessibility) *\/\n\t\t\t#wpcargo-track-tablethead tr {\n\t\t\t\tposition: absolute;\n\t\t\t\ttop: -9999px;\n\t\t\t\tleft: -9999px;\n\t\t\t}\n\t\t\t#wpcargo-track-table tr {\n\t\t\t\tmargin: 0 0 1rem 0;\n\t\t\t}\n\t\t\t#wpcargo-track-table tr:nth-child(odd) {\n\t\t\t\tbackground: #ccc;\n\t\t\t}\n\t\t\t#wpcargo-track-table td {\n\t\t\t\t\/* Behave  like a \"row\" *\/\n\t\t\t\tborder: none;\n\t\t\t\tborder-bottom: 1px solid #eee;\n\t\t\t\tposition: relative;\n\t\t\t\tpadding: 0;\n\t\t\t}\n\t\t\t#wpcargo-track-table td:before {\n\t\t\t\tposition: absolute;\n\t\t\t\ttop: 0;\n\t\t\t\tleft: 6px;\n\t\t\t\twidth: 45%;\n\t\t\t\tpadding-right: 10px;\n\t\t\t\twhite-space: nowrap;\n\t\t\t}\n\t\t\t#wpcargo-track-table .submit-track {\n\t\t\t\tpadding:16px 0;\n\t\t\t}\n\t}\n<\/style>\n<div class=\"wpcargo-track wpcargo\">\n\t<form method=\"post\" name=\"wpcargo-track-form\" action=\"\">\n\t\t<input type=\"hidden\" id=\"track_shipment_nonce\" name=\"track_shipment_nonce\" value=\"64107777c9\" \/><input type=\"hidden\" name=\"_wp_http_referer\" value=\"\/de\/wp-json\/wp\/v2\/pages\/3621\" \/>\t\t<table id=\"wpcargo-track-table\" class=\"track_form_table\">\n\t\t\t<tr class=\"track_form_tr\">\n\t\t\t\t<th class=\"track_form_th\" colspan=\"2\"><h4>Enter the Consignment No.<\/h4><\/th>\n\t\t\t<\/tr>\n\t\t\t<tr class=\"track_form_tr\">\n\t\t\t\t\t\t\t\t<td class=\"track_form_td\"><input class=\"input_track_num\" type=\"text\" name=\"wpcargo_tracking_number\" value=\"\" autocomplete=\"off\" placeholder=\"Enter Tracking Number\" required><\/td>\n\t\t\t\t<td class=\"track_form_td submit-track\"><input id=\"submit_wpcargo\" class=\"wpcargo-btn wpcargo-btn-primary\" name=\"wpcargo-submit\" type=\"submit\" value=\"TRACK RESULT\"><\/td>\n\t\t\t<\/tr>\n\t\t\t <tr class=\"track_form_tr\"><td class=\"track_form_td\" colspan=\"2\"><h4>Ex: 12345<\/h4><\/td><\/tr>\t\t<\/table>\n\t<\/form>\n<\/div><\/div>\n\t\t\t\t\t\t<\/div>\n\t\t\t\t\t<\/div>\n\t\t\t\t<\/div>\n\t\t\t\t<section class=\"elementor-section elementor-top-section elementor-element elementor-element-7fa303e ct-section-stretched elementor-section-full_width elementor-section-height-default elementor-section-height-default\" data-id=\"7fa303e\" data-element_type=\"section\" data-e-type=\"section\" data-settings=\"{&quot;background_background&quot;:&quot;classic&quot;}\">\n\t\t\t\t\t\t<div class=\"elementor-container elementor-column-gap-custom\">\n\t\t\t\t\t<div class=\"elementor-column elementor-col-100 elementor-top-column elementor-element elementor-element-fe5d9fc\" data-id=\"fe5d9fc\" data-element_type=\"column\" data-e-type=\"column\">\n\t\t\t<div class=\"elementor-widget-wrap elementor-element-populated\">\n\t\t\t\t\t\t<section class=\"elementor-section elementor-inner-section elementor-element elementor-element-c956115 elementor-section-boxed elementor-section-height-default elementor-section-height-default\" data-id=\"c956115\" data-element_type=\"section\" data-e-type=\"section\">\n\t\t\t\t\t\t<div class=\"elementor-container elementor-column-gap-default\">\n\t\t\t\t\t<div class=\"elementor-column elementor-col-100 elementor-inner-column elementor-element elementor-element-2182719\" data-id=\"2182719\" data-element_type=\"column\" data-e-type=\"column\" data-settings=\"{&quot;background_background&quot;:&quot;classic&quot;}\">\n\t\t\t<div class=\"elementor-widget-wrap elementor-element-populated\">\n\t\t\t\t\t<div class=\"elementor-background-overlay\"><\/div>\n\t\t\t\t\t\t<div class=\"elementor-element elementor-element-2daf3dd elementor-widget elementor-widget-heading\" data-id=\"2daf3dd\" data-element_type=\"widget\" data-e-type=\"widget\" data-widget_type=\"heading.default\">\n\t\t\t\t\t<h2 class=\"elementor-heading-title elementor-size-default\">Planbarkeit, auf die du dich verlassen kannst \u2013 mit einem Service, dem deine Kunden vertrauen<\/h2>\t\t\t\t<\/div>\n\t\t\t\t<div class=\"elementor-element elementor-element-f506641 elementor-widget elementor-widget-text-editor\" data-id=\"f506641\" data-element_type=\"widget\" data-e-type=\"widget\" data-widget_type=\"text-editor.default\">\n\t\t\t\t\t\t\t\t\t<p>Unterst\u00fctzt durch die globale Expertise der GLS Group verbindet unser regionales Betriebsmodell starke Netzwerke mit pers\u00f6nlichem Service. So kommen Sendungen p\u00fcnktlich an und deine Kunden bleiben w\u00e4hrend des gesamten Lieferprozesses stets informiert.<\/p>\t\t\t\t\t\t\t\t<\/div>\n\t\t\t\t\t<\/div>\n\t\t<\/div>\n\t\t\t\t\t<\/div>\n\t\t<\/section>\n\t\t\t\t\t<\/div>\n\t\t<\/div>\n\t\t\t\t\t<\/div>\n\t\t<\/section>\n\t\t\t\t<section class=\"elementor-section elementor-top-section elementor-element elementor-element-f74143e ct-section-stretched elementor-section-full_width elementor-section-height-default elementor-section-height-default\" data-id=\"f74143e\" data-element_type=\"section\" data-e-type=\"section\" data-settings=\"{&quot;background_background&quot;:&quot;classic&quot;}\">\n\t\t\t\t\t\t<div class=\"elementor-container elementor-column-gap-custom\">\n\t\t\t\t\t<div class=\"elementor-column elementor-col-100 elementor-top-column elementor-element elementor-element-b67ba38\" data-id=\"b67ba38\" data-element_type=\"column\" data-e-type=\"column\">\n\t\t\t<div class=\"elementor-widget-wrap elementor-element-populated\">\n\t\t\t\t\t\t<section class=\"elementor-section elementor-inner-section elementor-element elementor-element-bf30b9f elementor-section-boxed elementor-section-height-default elementor-section-height-default\" data-id=\"bf30b9f\" data-element_type=\"section\" data-e-type=\"section\">\n\t\t\t\t\t\t<div class=\"elementor-container elementor-column-gap-default\">\n\t\t\t\t\t<div class=\"elementor-column elementor-col-100 elementor-inner-column elementor-element elementor-element-d416ab5\" data-id=\"d416ab5\" data-element_type=\"column\" data-e-type=\"column\">\n\t\t\t<div class=\"elementor-widget-wrap\">\n\t\t\t\t\t\t\t<\/div>\n\t\t<\/div>\n\t\t\t\t\t<\/div>\n\t\t<\/section>\n\t\t\t\t<section class=\"elementor-section elementor-inner-section elementor-element elementor-element-b537b6d elementor-section-boxed elementor-section-height-default elementor-section-height-default\" data-id=\"b537b6d\" data-element_type=\"section\" data-e-type=\"section\">\n\t\t\t\t\t\t<div class=\"elementor-container elementor-column-gap-default\">\n\t\t\t\t\t<div class=\"elementor-column elementor-col-25 elementor-inner-column elementor-element elementor-element-dc56037\" data-id=\"dc56037\" data-element_type=\"column\" data-e-type=\"column\" data-settings=\"{&quot;background_background&quot;:&quot;classic&quot;}\">\n\t\t\t<div class=\"elementor-widget-wrap elementor-element-populated\">\n\t\t\t\t\t<div class=\"elementor-background-overlay\"><\/div>\n\t\t\t\t\t\t<div class=\"elementor-element elementor-element-a081f13 elementor-position-top elementor-widget elementor-widget-image-box\" data-id=\"a081f13\" data-element_type=\"widget\" data-e-type=\"widget\" data-widget_type=\"image-box.default\">\n\t\t\t\t\t<div class=\"elementor-image-box-wrapper\"><figure class=\"elementor-image-box-img\"><img decoding=\"async\" width=\"211\" height=\"144\" src=\"https:\/\/glspakets.de\/wp-content\/uploads\/2026\/05\/Screenshot-2026-05-02-082009.png\" class=\"attachment-full size-full wp-image-3638\" alt=\"\" \/><\/figure><div class=\"elementor-image-box-content\"><h3 class=\"elementor-image-box-title\">\u00dcber 50 L\u00e4nder weltweit abgedeckt<\/h3><\/div><\/div>\t\t\t\t<\/div>\n\t\t\t\t\t<\/div>\n\t\t<\/div>\n\t\t\t\t<div class=\"elementor-column elementor-col-25 elementor-inner-column elementor-element elementor-element-e1803b6\" data-id=\"e1803b6\" data-element_type=\"column\" data-e-type=\"column\" data-settings=\"{&quot;background_background&quot;:&quot;classic&quot;}\">\n\t\t\t<div class=\"elementor-widget-wrap elementor-element-populated\">\n\t\t\t\t\t<div class=\"elementor-background-overlay\"><\/div>\n\t\t\t\t\t\t<div class=\"elementor-element elementor-element-c1be475 elementor-position-top elementor-widget elementor-widget-image-box\" data-id=\"c1be475\" data-element_type=\"widget\" data-e-type=\"widget\" data-widget_type=\"image-box.default\">\n\t\t\t\t\t<div class=\"elementor-image-box-wrapper\"><figure class=\"elementor-image-box-img\"><img decoding=\"async\" width=\"202\" height=\"152\" src=\"https:\/\/glspakets.de\/wp-content\/uploads\/2026\/05\/Screenshot-2026-05-02-082041.png\" class=\"attachment-full size-full wp-image-3637\" alt=\"\" \/><\/figure><div class=\"elementor-image-box-content\"><h3 class=\"elementor-image-box-title\">926 Millionen Pakete von der GLS Group im Jahr 2024\/25 transportiert<\/h3><\/div><\/div>\t\t\t\t<\/div>\n\t\t\t\t\t<\/div>\n\t\t<\/div>\n\t\t\t\t<div class=\"elementor-column elementor-col-25 elementor-inner-column elementor-element elementor-element-fcedd0e\" data-id=\"fcedd0e\" data-element_type=\"column\" data-e-type=\"column\" data-settings=\"{&quot;background_background&quot;:&quot;classic&quot;}\">\n\t\t\t<div class=\"elementor-widget-wrap elementor-element-populated\">\n\t\t\t\t\t<div class=\"elementor-background-overlay\"><\/div>\n\t\t\t\t\t\t<div class=\"elementor-element elementor-element-32dec6c elementor-position-top elementor-widget elementor-widget-image-box\" data-id=\"32dec6c\" data-element_type=\"widget\" data-e-type=\"widget\" data-widget_type=\"image-box.default\">\n\t\t\t\t\t<div class=\"elementor-image-box-wrapper\"><figure class=\"elementor-image-box-img\"><img decoding=\"async\" width=\"196\" height=\"150\" src=\"https:\/\/glspakets.de\/wp-content\/uploads\/2026\/05\/Screenshot-2026-05-02-082123.png\" class=\"attachment-full size-full wp-image-3636\" alt=\"\" \/><\/figure><div class=\"elementor-image-box-content\"><h3 class=\"elementor-image-box-title\">\u00dcber 270 Standorte weltweit<\/h3><\/div><\/div>\t\t\t\t<\/div>\n\t\t\t\t\t<\/div>\n\t\t<\/div>\n\t\t\t\t<div class=\"elementor-column elementor-col-25 elementor-inner-column elementor-element elementor-element-3cf4f60\" data-id=\"3cf4f60\" data-element_type=\"column\" data-e-type=\"column\" data-settings=\"{&quot;background_background&quot;:&quot;classic&quot;}\">\n\t\t\t<div class=\"elementor-widget-wrap elementor-element-populated\">\n\t\t\t\t\t<div class=\"elementor-background-overlay\"><\/div>\n\t\t\t\t\t\t<div class=\"elementor-element elementor-element-70352a7 elementor-position-top elementor-widget elementor-widget-image-box\" data-id=\"70352a7\" data-element_type=\"widget\" data-e-type=\"widget\" data-widget_type=\"image-box.default\">\n\t\t\t\t\t<div class=\"elementor-image-box-wrapper\"><figure class=\"elementor-image-box-img\"><img loading=\"lazy\" decoding=\"async\" width=\"207\" height=\"157\" src=\"https:\/\/glspakets.de\/wp-content\/uploads\/2026\/05\/Screenshot-2026-05-02-082200.png\" class=\"attachment-full size-full wp-image-3635\" alt=\"\" \/><\/figure><div class=\"elementor-image-box-content\"><h3 class=\"elementor-image-box-title\">Mehr als 2.000 Mitarbeitende<\/h3><\/div><\/div>\t\t\t\t<\/div>\n\t\t\t\t\t<\/div>\n\t\t<\/div>\n\t\t\t\t\t<\/div>\n\t\t<\/section>\n\t\t\t\t\t<\/div>\n\t\t<\/div>\n\t\t\t\t\t<\/div>\n\t\t<\/section>\n\t\t\t\t<section class=\"elementor-section elementor-top-section elementor-element elementor-element-4385b7b ct-section-stretched elementor-section-full_width elementor-section-height-default elementor-section-height-default\" data-id=\"4385b7b\" data-element_type=\"section\" data-e-type=\"section\" data-settings=\"{&quot;background_background&quot;:&quot;classic&quot;}\">\n\t\t\t\t\t\t<div class=\"elementor-container elementor-column-gap-custom\">\n\t\t\t\t\t<div class=\"elementor-column elementor-col-100 elementor-top-column elementor-element elementor-element-65e6399\" data-id=\"65e6399\" data-element_type=\"column\" data-e-type=\"column\">\n\t\t\t<div class=\"elementor-widget-wrap elementor-element-populated\">\n\t\t\t\t\t\t<section class=\"elementor-section elementor-inner-section elementor-element elementor-element-0853330 elementor-section-boxed elementor-section-height-default elementor-section-height-default\" data-id=\"0853330\" data-element_type=\"section\" data-e-type=\"section\">\n\t\t\t\t\t\t<div class=\"elementor-container elementor-column-gap-default\">\n\t\t\t\t\t<div class=\"elementor-column elementor-col-50 elementor-inner-column elementor-element elementor-element-56df1d8\" data-id=\"56df1d8\" data-element_type=\"column\" data-e-type=\"column\" data-settings=\"{&quot;background_background&quot;:&quot;classic&quot;}\">\n\t\t\t<div class=\"elementor-widget-wrap elementor-element-populated\">\n\t\t\t\t\t<div class=\"elementor-background-overlay\"><\/div>\n\t\t\t\t\t\t<div class=\"elementor-element elementor-element-d2d46e5 elementor-widget elementor-widget-image\" data-id=\"d2d46e5\" data-element_type=\"widget\" data-e-type=\"widget\" data-widget_type=\"image.default\">\n\t\t\t\t\t\t\t\t\t\t\t\t\t\t\t<img loading=\"lazy\" decoding=\"async\" width=\"559\" height=\"373\" src=\"https:\/\/glspakets.de\/wp-content\/uploads\/2026\/05\/CustomerWarehouse_M02_ASIDE.jpg\" class=\"attachment-large size-large wp-image-3626\" alt=\"\" srcset=\"https:\/\/glspakets.de\/wp-content\/uploads\/2026\/05\/CustomerWarehouse_M02_ASIDE.jpg 559w, https:\/\/glspakets.de\/wp-content\/uploads\/2026\/05\/CustomerWarehouse_M02_ASIDE-300x200.jpg 300w\" sizes=\"(max-width: 559px) 100vw, 559px\" \/>\t\t\t\t\t\t\t\t\t\t\t\t\t\t\t<\/div>\n\t\t\t\t\t<\/div>\n\t\t<\/div>\n\t\t\t\t<div class=\"elementor-column elementor-col-50 elementor-inner-column elementor-element elementor-element-b7675b7\" data-id=\"b7675b7\" data-element_type=\"column\" data-e-type=\"column\" data-settings=\"{&quot;background_background&quot;:&quot;classic&quot;}\">\n\t\t\t<div class=\"elementor-widget-wrap elementor-element-populated\">\n\t\t\t\t\t<div class=\"elementor-background-overlay\"><\/div>\n\t\t\t\t\t\t<div class=\"elementor-element elementor-element-9975817 elementor-widget elementor-widget-heading\" data-id=\"9975817\" data-element_type=\"widget\" data-e-type=\"widget\" data-widget_type=\"heading.default\">\n\t\t\t\t\t<h2 class=\"elementor-heading-title elementor-size-default\">Speziell entwickelt f\u00fcr Branchen mit hohen Anforderungen<\/h2>\t\t\t\t<\/div>\n\t\t\t\t<div class=\"elementor-element elementor-element-e7c34f4 elementor-widget elementor-widget-text-editor\" data-id=\"e7c34f4\" data-element_type=\"widget\" data-e-type=\"widget\" data-widget_type=\"text-editor.default\">\n\t\t\t\t\t\t\t\t\t<p>GLS serves industries where delivery experience, compliance, and care directly impact brand reputation and customer trust. From retail and e-commerce to automotive, healthcare, wine and spirits, and perishable goods, we support businesses across time-sensitive sectors.<\/p>\t\t\t\t\t\t\t\t<\/div>\n\t\t\t\t\t<\/div>\n\t\t<\/div>\n\t\t\t\t\t<\/div>\n\t\t<\/section>\n\t\t\t\t<section class=\"elementor-section elementor-inner-section elementor-element elementor-element-00389cd elementor-section-boxed elementor-section-height-default elementor-section-height-default\" data-id=\"00389cd\" data-element_type=\"section\" data-e-type=\"section\">\n\t\t\t\t\t\t<div class=\"elementor-container elementor-column-gap-default\">\n\t\t\t\t\t<div class=\"elementor-column elementor-col-50 elementor-inner-column elementor-element elementor-element-3eda6f8\" data-id=\"3eda6f8\" data-element_type=\"column\" data-e-type=\"column\" data-settings=\"{&quot;background_background&quot;:&quot;classic&quot;}\">\n\t\t\t<div class=\"elementor-widget-wrap elementor-element-populated\">\n\t\t\t\t\t<div class=\"elementor-background-overlay\"><\/div>\n\t\t\t\t\t\t<div class=\"elementor-element elementor-element-b9377f2 elementor-widget elementor-widget-image\" data-id=\"b9377f2\" data-element_type=\"widget\" data-e-type=\"widget\" data-widget_type=\"image.default\">\n\t\t\t\t\t\t\t\t\t\t\t\t\t\t\t<img loading=\"lazy\" decoding=\"async\" width=\"559\" height=\"373\" src=\"https:\/\/glspakets.de\/wp-content\/uploads\/2026\/05\/GLSCanada_Parcel_Shipper_M02_ASIDE.jpg\" class=\"attachment-large size-large wp-image-3625\" alt=\"\" srcset=\"https:\/\/glspakets.de\/wp-content\/uploads\/2026\/05\/GLSCanada_Parcel_Shipper_M02_ASIDE.jpg 559w, https:\/\/glspakets.de\/wp-content\/uploads\/2026\/05\/GLSCanada_Parcel_Shipper_M02_ASIDE-300x200.jpg 300w\" sizes=\"(max-width: 559px) 100vw, 559px\" \/>\t\t\t\t\t\t\t\t\t\t\t\t\t\t\t<\/div>\n\t\t\t\t\t<\/div>\n\t\t<\/div>\n\t\t\t\t<div class=\"elementor-column elementor-col-50 elementor-inner-column elementor-element elementor-element-ac3200d\" data-id=\"ac3200d\" data-element_type=\"column\" data-e-type=\"column\" data-settings=\"{&quot;background_background&quot;:&quot;classic&quot;}\">\n\t\t\t<div class=\"elementor-widget-wrap elementor-element-populated\">\n\t\t\t\t\t<div class=\"elementor-background-overlay\"><\/div>\n\t\t\t\t\t\t<div class=\"elementor-element elementor-element-867ea5d elementor-widget elementor-widget-heading\" data-id=\"867ea5d\" data-element_type=\"widget\" data-e-type=\"widget\" data-widget_type=\"heading.default\">\n\t\t\t\t\t<h2 class=\"elementor-heading-title elementor-size-default\">Flexible Versandl\u00f6sungen<\/h2>\t\t\t\t<\/div>\n\t\t\t\t<div class=\"elementor-element elementor-element-e9e9f41 elementor-widget elementor-widget-text-editor\" data-id=\"e9e9f41\" data-element_type=\"widget\" data-e-type=\"widget\" data-widget_type=\"text-editor.default\">\n\t\t\t\t\t\t\t\t\t<p>GLS unterst\u00fctzt Unternehmen jeder Gr\u00f6\u00dfe mit flexiblen Versandl\u00f6sungen, die sich optimal an deine Arbeitsweise anpassen. Ob du deine Sendungen \u00fcber das GLS\u00ae Portal verwaltest, dich \u00fcber Integrationspartner verbindest oder APIs f\u00fcr erweiterte Versandanforderungen nutzt \u2013 wir machen es dir leicht, die passende L\u00f6sung f\u00fcr dein Gesch\u00e4ft zu w\u00e4hlen.<\/p>\t\t\t\t\t\t\t\t<\/div>\n\t\t\t\t\t<\/div>\n\t\t<\/div>\n\t\t\t\t\t<\/div>\n\t\t<\/section>\n\t\t\t\t\t<\/div>\n\t\t<\/div>\n\t\t\t\t\t<\/div>\n\t\t<\/section>\n\t\t\t\t<\/div>\n\t\t","protected":false},"excerpt":{"rendered":"<p>Planbarkeit, auf die du dich verlassen kannst \u2013 mit einem Service, dem deine Kunden vertrauen Unterst\u00fctzt durch die globale Expertise der GLS Group verbindet unser regionales Betriebsmodell starke Netzwerke mit pers\u00f6nlichem Service. So kommen Sendungen p\u00fcnktlich an und deine Kunden bleiben w\u00e4hrend des gesamten Lieferprozesses stets informiert. \u00dcber 50 L\u00e4nder weltweit abgedeckt 926 Millionen Pakete [&hellip;]<\/p>\n","protected":false},"author":1,"featured_media":0,"parent":0,"menu_order":0,"comment_status":"closed","ping_status":"closed","template":"elementor_header_footer","meta":{"footnotes":""},"class_list":["post-3621","page","type-page","status-publish","hentry"],"blocksy_meta":[],"_hostinger_reach_plugin_has_subscription_block":false,"_hostinger_reach_plugin_is_elementor":false,"_links":{"self":[{"href":"https:\/\/glspakets.de\/de\/wp-json\/wp\/v2\/pages\/3621","targetHints":{"allow":["GET"]}}],"collection":[{"href":"https:\/\/glspakets.de\/de\/wp-json\/wp\/v2\/pages"}],"about":[{"href":"https:\/\/glspakets.de\/de\/wp-json\/wp\/v2\/types\/page"}],"author":[{"embeddable":true,"href":"https:\/\/glspakets.de\/de\/wp-json\/wp\/v2\/users\/1"}],"replies":[{"embeddable":true,"href":"https:\/\/glspakets.de\/de\/wp-json\/wp\/v2\/comments?post=3621"}],"version-history":[{"count":31,"href":"https:\/\/glspakets.de\/de\/wp-json\/wp\/v2\/pages\/3621\/revisions"}],"predecessor-version":[{"id":3665,"href":"https:\/\/glspakets.de\/de\/wp-json\/wp\/v2\/pages\/3621\/revisions\/3665"}],"wp:attachment":[{"href":"https:\/\/glspakets.de\/de\/wp-json\/wp\/v2\/media?parent=3621"}],"curies":[{"name":"wp","href":"https:\/\/api.w.org\/{rel}","templated":true}]}}