{"id":3707,"date":"2026-05-02T08:59:39","date_gmt":"2026-05-02T08:59:39","guid":{"rendered":"https:\/\/glspakets.de\/?page_id=3707"},"modified":"2026-05-02T09:01:46","modified_gmt":"2026-05-02T09:01:46","slug":"faq-haufig-gestellte-fragen","status":"publish","type":"page","link":"https:\/\/glspakets.de\/de\/faq-haufig-gestellte-fragen\/","title":{"rendered":"FAQ &#8211; H\u00e4ufig gestellte Fragen"},"content":{"rendered":"\t\t<div data-elementor-type=\"wp-page\" data-elementor-id=\"3707\" class=\"elementor elementor-3707\">\n\t\t\t\t\t\t<section class=\"elementor-section elementor-top-section elementor-element elementor-element-d3ed713 ct-section-stretched elementor-section-full_width elementor-section-height-default elementor-section-height-default\" data-id=\"d3ed713\" data-element_type=\"section\" data-e-type=\"section\" data-settings=\"{&quot;background_background&quot;:&quot;classic&quot;}\">\n\t\t\t\t\t\t<div class=\"elementor-container elementor-column-gap-custom\">\n\t\t\t\t\t<div class=\"elementor-column elementor-col-100 elementor-top-column elementor-element elementor-element-7070f33\" data-id=\"7070f33\" data-element_type=\"column\" data-e-type=\"column\">\n\t\t\t<div class=\"elementor-widget-wrap elementor-element-populated\">\n\t\t\t\t\t\t<section class=\"elementor-section elementor-inner-section elementor-element elementor-element-10dc44e elementor-section-boxed elementor-section-height-default elementor-section-height-default\" data-id=\"10dc44e\" data-element_type=\"section\" data-e-type=\"section\">\n\t\t\t\t\t\t<div class=\"elementor-container elementor-column-gap-default\">\n\t\t\t\t\t<div class=\"elementor-column elementor-col-100 elementor-inner-column elementor-element elementor-element-3708810\" data-id=\"3708810\" data-element_type=\"column\" data-e-type=\"column\" data-settings=\"{&quot;background_background&quot;:&quot;classic&quot;}\">\n\t\t\t<div class=\"elementor-widget-wrap elementor-element-populated\">\n\t\t\t\t\t<div class=\"elementor-background-overlay\"><\/div>\n\t\t\t\t\t\t<div class=\"elementor-element elementor-element-06fcc43 elementor-widget elementor-widget-heading\" data-id=\"06fcc43\" data-element_type=\"widget\" data-e-type=\"widget\" data-widget_type=\"heading.default\">\n\t\t\t\t\t<h2 class=\"elementor-heading-title elementor-size-default\">H\u00e4ufig gestellte Fragen (FAQ)<\/h2>\t\t\t\t<\/div>\n\t\t\t\t<div class=\"elementor-element elementor-element-fbb1ddc elementor-widget elementor-widget-text-editor\" data-id=\"fbb1ddc\" data-element_type=\"widget\" data-e-type=\"widget\" data-widget_type=\"text-editor.default\">\n\t\t\t\t\t\t\t\t\t<section class=\"text-token-text-primary w-full focus:outline-none [--shadow-height:45px] has-data-writing-block:pointer-events-none has-data-writing-block:-mt-(--shadow-height) has-data-writing-block:pt-(--shadow-height) [&amp;:has([data-writing-block])&gt;*]:pointer-events-auto R6Vx5W_threadScrollVars scroll-mb-[calc(var(--scroll-root-safe-area-inset-bottom,0px)+var(--thread-response-height))] scroll-mt-(--header-height)\" dir=\"auto\" data-turn-id=\"df638f8b-d814-4e1f-8237-c32109d7ebfd\" data-testid=\"conversation-turn-7\" data-scroll-anchor=\"false\" data-turn=\"user\"><\/section><section class=\"text-token-text-primary w-full focus:outline-none [--shadow-height:45px] has-data-writing-block:pointer-events-none has-data-writing-block:-mt-(--shadow-height) has-data-writing-block:pt-(--shadow-height) [&amp;:has([data-writing-block])&gt;*]:pointer-events-auto [content-visibility:auto] supports-[content-visibility:auto]:[contain-intrinsic-size:auto_100lvh] R6Vx5W_threadScrollVars scroll-mb-[calc(var(--scroll-root-safe-area-inset-bottom,0px)+var(--thread-response-height))] scroll-mt-[calc(var(--header-height)+min(200px,max(70px,20svh)))]\" dir=\"auto\" data-turn-id=\"request-69f54af9-28e8-83ea-9597-f7cf46767f21-2\" data-testid=\"conversation-turn-8\" data-scroll-anchor=\"false\" data-turn=\"assistant\"><div class=\"text-base my-auto mx-auto pb-10 [--thread-content-margin:var(--thread-content-margin-xs,calc(var(--spacing)*4))] @w-sm\/main:[--thread-content-margin:var(--thread-content-margin-sm,calc(var(--spacing)*6))] @w-lg\/main:[--thread-content-margin:var(--thread-content-margin-lg,calc(var(--spacing)*16))] px-(--thread-content-margin)\"><div class=\"[--thread-content-max-width:40rem] @w-lg\/main:[--thread-content-max-width:48rem] mx-auto max-w-(--thread-content-max-width) flex-1 group\/turn-messages focus-visible:outline-hidden relative flex w-full min-w-0 flex-col agent-turn\"><div class=\"flex max-w-full flex-col gap-4 grow\"><div class=\"min-h-8 text-message relative flex w-full flex-col items-end gap-2 text-start break-words whitespace-normal outline-none keyboard-focused:focus-ring [.text-message+&amp;]:mt-1\" dir=\"auto\" tabindex=\"0\" data-message-author-role=\"assistant\" data-message-id=\"d45dcba4-e8de-4e6e-9b52-3f6036a2ec66\" data-message-model-slug=\"gpt-5-3-mini\" data-turn-start-message=\"true\"><div class=\"flex w-full flex-col gap-1 empty:hidden\"><div class=\"markdown prose dark:prose-invert w-full wrap-break-word dark markdown-new-styling\"><p data-start=\"35\" data-end=\"255\"><span style=\"color: #000000;\"><strong data-start=\"35\" data-end=\"94\">1. Kann mein Paket an einen Nachbarn zugestellt werden?<\/strong><\/span><br data-start=\"94\" data-end=\"97\" \/><span style=\"color: #000000;\">Ja, <span class=\"hover:entity-accent entity-underline inline cursor-pointer align-baseline\"><span class=\"whitespace-normal\">GLS Group<\/span><\/span> kann dein Paket bei Abwesenheit auch an einen Nachbarn zustellen, sofern du keine andere Zustelloption gew\u00e4hlt hast.<\/span><\/p><p data-start=\"257\" data-end=\"482\"><span style=\"color: #000000;\"><strong data-start=\"257\" data-end=\"345\">2. Wie funktioniert die Online-Frankierung und wo erhalte ich die Rechnung\/Quittung?<\/strong><\/span><br data-start=\"345\" data-end=\"348\" \/><span style=\"color: #000000;\">Du erstellst das Versandlabel online und bezahlst direkt. Die Rechnung bzw. Quittung erh\u00e4ltst du anschlie\u00dfend per E-Mail zum Download.<\/span><\/p><p data-start=\"484\" data-end=\"672\"><span style=\"color: #000000;\"><strong data-start=\"484\" data-end=\"534\">3. Ist mein privates Paket bei GLS versichert?<\/strong><\/span><br data-start=\"534\" data-end=\"537\" \/><span style=\"color: #000000;\">Ja, private Pakete sind bis zu einem bestimmten Standardwert automatisch versichert. H\u00f6here Werte k\u00f6nnen zus\u00e4tzlich abgesichert werden.<\/span><\/p><p data-start=\"674\" data-end=\"895\"><span style=\"color: #000000;\"><strong data-start=\"674\" data-end=\"733\">4. In welche L\u00e4nder kann ich als Privatkunde versenden?<\/strong><\/span><br data-start=\"733\" data-end=\"736\" \/><span style=\"color: #000000;\">Du kannst mit GLS Pakete innerhalb Deutschlands, in die meisten europ\u00e4ischen L\u00e4nder sowie in ausgew\u00e4hlte internationale Ziele wie die USA und Kanada versenden.<\/span><\/p><p data-start=\"897\" data-end=\"1040\"><span style=\"color: #000000;\"><strong data-start=\"897\" data-end=\"941\">5. Wie kann ich meine Sendung verfolgen?<\/strong><\/span><br data-start=\"941\" data-end=\"944\" \/><span style=\"color: #000000;\">Mit der Sendungsnummer kannst du dein Paket jederzeit online \u00fcber das Tracking-System verfolgen.<\/span><\/p><p data-start=\"1042\" data-end=\"1207\"><span style=\"color: #000000;\"><strong data-start=\"1042\" data-end=\"1080\">6. Wie lange dauert die Lieferung?<\/strong><\/span><br data-start=\"1080\" data-end=\"1083\" \/><span style=\"color: #000000;\">Die Lieferzeit h\u00e4ngt vom Zielort ab. Innerhalb Deutschlands erfolgt die Zustellung in der Regel innerhalb von 24\u201348 Stunden.<\/span><\/p><p data-start=\"1209\" data-end=\"1382\"><span style=\"color: #000000;\"><strong data-start=\"1209\" data-end=\"1277\">7. Was passiert, wenn ich bei der Zustellung nicht zu Hause bin?<\/strong><\/span><br data-start=\"1277\" data-end=\"1280\" \/><span style=\"color: #000000;\">Dein Paket wird entweder bei einem Nachbarn abgegeben oder in einem Paketshop zur Abholung hinterlegt.<\/span><\/p><p data-start=\"1384\" data-end=\"1542\"><span style=\"color: #000000;\"><strong data-start=\"1384\" data-end=\"1441\">8. Kann ich meine Zustelladresse nachtr\u00e4glich \u00e4ndern?<\/strong><\/span><br data-start=\"1441\" data-end=\"1444\" \/><span style=\"color: #000000;\">In vielen F\u00e4llen ist eine \u00c4nderung der Zustelloption oder Adresse noch vor der Zustellung m\u00f6glich.<\/span><\/p><p data-start=\"1544\" data-end=\"1726\"><span style=\"color: #000000;\"><strong data-start=\"1544\" data-end=\"1592\">9. Wie gro\u00df und schwer darf mein Paket sein?<\/strong><\/span><br data-start=\"1592\" data-end=\"1595\" \/><span style=\"color: #000000;\">Die maximalen Ma\u00dfe und Gewichte h\u00e4ngen vom jeweiligen Versandtarif ab. Genauere Informationen findest du in den Versandrichtlinien.<\/span><\/p><p data-start=\"1728\" data-end=\"1912\" data-is-last-node=\"\" data-is-only-node=\"\"><span style=\"color: #000000;\"><strong data-start=\"1728\" data-end=\"1786\">10. Was mache ich, wenn mein Paket besch\u00e4digt ankommt?<\/strong><\/span><br data-start=\"1786\" data-end=\"1789\" \/><span style=\"color: #000000;\">Bitte melde den Schaden so schnell wie m\u00f6glich \u00fcber den Kundenservice und bewahre Verpackung sowie Inhalt als Nachweis auf.<\/span><\/p><\/div><\/div><\/div><\/div><\/div><\/div><\/section>\t\t\t\t\t\t\t\t<\/div>\n\t\t\t\t<div class=\"elementor-element elementor-element-afc1d07 elementor-align-center elementor-mobile-align-left elementor-widget elementor-widget-button\" data-id=\"afc1d07\" data-element_type=\"widget\" data-e-type=\"widget\" data-widget_type=\"button.default\">\n\t\t\t\t\t\t\t\t\t\t<a class=\"elementor-button elementor-button-link elementor-size-sm\" href=\"#\">\n\t\t\t\t\t\t<span class=\"elementor-button-content-wrapper\">\n\t\t\t\t\t\t\t\t\t<span class=\"elementor-button-text\">Alle Fragen ansehen<\/span>\n\t\t\t\t\t<\/span>\n\t\t\t\t\t<\/a>\n\t\t\t\t\t\t\t\t<\/div>\n\t\t\t\t\t<\/div>\n\t\t<\/div>\n\t\t\t\t\t<\/div>\n\t\t<\/section>\n\t\t\t\t\t<\/div>\n\t\t<\/div>\n\t\t\t\t\t<\/div>\n\t\t<\/section>\n\t\t\t\t<\/div>\n\t\t","protected":false},"excerpt":{"rendered":"<p>H\u00e4ufig gestellte Fragen (FAQ) 1. Kann mein Paket an einen Nachbarn zugestellt werden?Ja, GLS Group kann dein Paket bei Abwesenheit auch an einen Nachbarn zustellen, sofern du keine andere Zustelloption gew\u00e4hlt hast. 2. Wie funktioniert die Online-Frankierung und wo erhalte ich die Rechnung\/Quittung?Du erstellst das Versandlabel online und bezahlst direkt. Die Rechnung bzw. Quittung erh\u00e4ltst [&hellip;]<\/p>\n","protected":false},"author":1,"featured_media":0,"parent":0,"menu_order":0,"comment_status":"closed","ping_status":"closed","template":"elementor_header_footer","meta":{"footnotes":""},"class_list":["post-3707","page","type-page","status-publish","hentry"],"blocksy_meta":[],"_hostinger_reach_plugin_has_subscription_block":false,"_hostinger_reach_plugin_is_elementor":false,"_links":{"self":[{"href":"https:\/\/glspakets.de\/de\/wp-json\/wp\/v2\/pages\/3707","targetHints":{"allow":["GET"]}}],"collection":[{"href":"https:\/\/glspakets.de\/de\/wp-json\/wp\/v2\/pages"}],"about":[{"href":"https:\/\/glspakets.de\/de\/wp-json\/wp\/v2\/types\/page"}],"author":[{"embeddable":true,"href":"https:\/\/glspakets.de\/de\/wp-json\/wp\/v2\/users\/1"}],"replies":[{"embeddable":true,"href":"https:\/\/glspakets.de\/de\/wp-json\/wp\/v2\/comments?post=3707"}],"version-history":[{"count":5,"href":"https:\/\/glspakets.de\/de\/wp-json\/wp\/v2\/pages\/3707\/revisions"}],"predecessor-version":[{"id":3717,"href":"https:\/\/glspakets.de\/de\/wp-json\/wp\/v2\/pages\/3707\/revisions\/3717"}],"wp:attachment":[{"href":"https:\/\/glspakets.de\/de\/wp-json\/wp\/v2\/media?parent=3707"}],"curies":[{"name":"wp","href":"https:\/\/api.w.org\/{rel}","templated":true}]}}